

{"id":2281,"date":"2021-07-14T02:19:32","date_gmt":"2021-07-14T02:19:32","guid":{"rendered":"https:\/\/demo2wpopal.b-cdn.net\/bodoni\/?page_id=2281"},"modified":"2023-03-10T14:15:31","modified_gmt":"2023-03-10T14:15:31","slug":"drink-italy-s-r-l","status":"publish","type":"page","link":"https:\/\/tenutaselvaforte.it\/en\/drink-italy-s-r-l\/","title":{"rendered":"Drink Italy S.r.l."},"content":{"rendered":"<div data-elementor-type=\"wp-page\" data-elementor-id=\"2281\" class=\"elementor elementor-2281\">\n\t\t\t\t\t\t\t\t\t<div class=\"elementor-section elementor-top-section elementor-element elementor-element-b82714b elementor-section-full_width elementor-section-stretched elementor-section-height-min-height elementor-section-height-default elementor-section-items-middle\" data-id=\"b82714b\" data-element_type=\"section\" data-settings=\"{&quot;stretch_section&quot;:&quot;section-stretched&quot;,&quot;background_background&quot;:&quot;classic&quot;}\">\n\t\t\t\t\t\t\t<div class=\"elementor-background-overlay\"><\/div>\n\t\t\t\t\t\t\t<div class=\"elementor-container elementor-column-gap-no\">\n\t\t\t\t\t<div class=\"elementor-column elementor-col-100 elementor-top-column elementor-element elementor-element-d0f056a\" data-id=\"d0f056a\" data-element_type=\"column\">\n\t\t\t<div class=\"elementor-widget-wrap elementor-element-populated\">\n\t\t\t\t\t\t\t\t<div class=\"elementor-element elementor-element-6ce2100 elementor-widget elementor-widget-heading\" data-id=\"6ce2100\" data-element_type=\"widget\" data-widget_type=\"heading.default\">\n\t\t\t\t<div class=\"elementor-widget-container\">\n\t\t\t<h2 class=\"elementor-heading-title elementor-size-default\">Our partner<\/h2>\t\t<\/div>\n\t\t\t\t<\/div>\n\t\t\t\t\t<\/div>\n\t\t<\/div>\n\t\t\t\t\t\t\t<\/div>\n\t\t<\/div>\n\t\t\t\t<div class=\"elementor-section elementor-top-section elementor-element elementor-element-8bbe263 elementor-section-stretched elementor-section-boxed elementor-section-height-default elementor-section-height-default\" data-id=\"8bbe263\" data-element_type=\"section\" data-settings=\"{&quot;stretch_section&quot;:&quot;section-stretched&quot;}\">\n\t\t\t\t\t\t<div class=\"elementor-container elementor-column-gap-no\">\n\t\t\t\t\t<div class=\"elementor-column elementor-col-100 elementor-top-column elementor-element elementor-element-e19dd89\" data-id=\"e19dd89\" data-element_type=\"column\">\n\t\t\t<div class=\"elementor-widget-wrap elementor-element-populated\">\n\t\t\t\t\t\t\t\t<div class=\"elementor-element elementor-element-a54c99d elementor-widget elementor-widget-heading\" data-id=\"a54c99d\" data-element_type=\"widget\" data-widget_type=\"heading.default\">\n\t\t\t\t<div class=\"elementor-widget-container\">\n\t\t\t<h2 class=\"elementor-heading-title elementor-size-default\">Drink Italy S.r.l.<\/h2>\t\t<\/div>\n\t\t\t\t<\/div>\n\t\t\t\t<div class=\"elementor-element elementor-element-da17611 elementor-widget elementor-widget-heading\" data-id=\"da17611\" data-element_type=\"widget\" data-widget_type=\"heading.default\">\n\t\t\t\t<div class=\"elementor-widget-container\">\n\t\t\t<h2 class=\"elementor-heading-title elementor-size-default\">Quality and Reliability<\/h2>\t\t<\/div>\n\t\t\t\t<\/div>\n\t\t\t\t<div class=\"elementor-element elementor-element-41debde elementor-widget elementor-widget-image\" data-id=\"41debde\" data-element_type=\"widget\" data-widget_type=\"image.default\">\n\t\t\t\t<div class=\"elementor-widget-container\">\n\t\t\t\t\t\t\t\t\t\t\t\t\t\t\t<img decoding=\"async\" src=\"https:\/\/demo2wpopal.b-cdn.net\/bodoni\/wp-content\/uploads\/2021\/07\/vector.png\" title=\"\" alt=\"\" loading=\"lazy\" \/>\t\t\t\t\t\t\t\t\t\t\t\t\t\t\t<\/div>\n\t\t\t\t<\/div>\n\t\t\t\t<div class=\"elementor-element elementor-element-e1ae757 elementor-widget elementor-widget-text-editor\" data-id=\"e1ae757\" data-element_type=\"widget\" data-widget_type=\"text-editor.default\">\n\t\t\t\t<div class=\"elementor-widget-container\">\n\t\t\t\t\t\t\tDrink Italy is a company created specifically for the promotion, distribution and sale of products\nboth in Italy and abroad.\t\t\t\t\t\t<\/div>\n\t\t\t\t<\/div>\n\t\t\t\t<div class=\"elementor-element elementor-element-8df7b4e elementor-widget-divider--view-line elementor-widget elementor-widget-divider\" data-id=\"8df7b4e\" data-element_type=\"widget\" data-widget_type=\"divider.default\">\n\t\t\t\t<div class=\"elementor-widget-container\">\n\t\t\t\t\t<div class=\"elementor-divider\">\n\t\t\t<span class=\"elementor-divider-separator\">\n\t\t\t\t\t\t<\/span>\n\t\t<\/div>\n\t\t\t\t<\/div>\n\t\t\t\t<\/div>\n\t\t\t\t\t<\/div>\n\t\t<\/div>\n\t\t\t\t\t\t\t<\/div>\n\t\t<\/div>\n\t\t\t\t<div class=\"elementor-section elementor-top-section elementor-element elementor-element-f2e22fa elementor-section-stretched elementor-section-boxed elementor-section-height-default elementor-section-height-default\" data-id=\"f2e22fa\" data-element_type=\"section\" data-settings=\"{&quot;stretch_section&quot;:&quot;section-stretched&quot;}\">\n\t\t\t\t\t\t<div class=\"elementor-container elementor-column-gap-no\">\n\t\t\t\t\t<div class=\"elementor-column elementor-col-50 elementor-top-column elementor-element elementor-element-886b99e\" data-id=\"886b99e\" data-element_type=\"column\">\n\t\t\t<div class=\"elementor-widget-wrap elementor-element-populated\">\n\t\t\t\t\t\t\t\t<div class=\"elementor-element elementor-element-09b3365 elementor-position-left elementor-widget-tablet__width-initial elementor-widget-mobile__width-inherit elementor-vertical-align-middle elementor-view-default elementor-mobile-position-top elementor-widget elementor-widget-icon-box\" data-id=\"09b3365\" data-element_type=\"widget\" data-widget_type=\"icon-box.default\">\n\t\t\t\t<div class=\"elementor-widget-container\">\n\t\t\t\t\t<div class=\"elementor-icon-box-wrapper\">\n\t\t\t\t\t\t<div class=\"elementor-icon-box-icon\">\n\t\t\t\t<span  class=\"elementor-icon elementor-animation-\">\n\t\t\t\t<i aria-hidden=\"true\" class=\"bodoni-icon- bodoni-icon-discount\"><\/i>\t\t\t\t<\/span>\n\t\t\t<\/div>\n\t\t\t\t\t\t<div class=\"elementor-icon-box-content\">\n\t\t\t\t<h3 class=\"elementor-icon-box-title\">\n\t\t\t\t\t<span  >\n\t\t\t\t\t\tCollaboration with Drink Italy\t\t\t\t\t<\/span>\n\t\t\t\t<\/h3>\n\t\t\t\t\t\t\t\t\t<p class=\"elementor-icon-box-description\">\n\t\t\t\t\t\tSpecializing in the distribution and sale of products both in Italy and abroad.\t\t\t\t\t<\/p>\n\t\t\t\t\t\t\t<\/div>\n\t\t<\/div>\n\t\t\t\t<\/div>\n\t\t\t\t<\/div>\n\t\t\t\t<div class=\"elementor-element elementor-element-e2ab6a3 elementor-position-left elementor-widget-tablet__width-initial elementor-widget-mobile__width-inherit elementor-vertical-align-middle elementor-view-default elementor-mobile-position-top elementor-widget elementor-widget-icon-box\" data-id=\"e2ab6a3\" data-element_type=\"widget\" data-widget_type=\"icon-box.default\">\n\t\t\t\t<div class=\"elementor-widget-container\">\n\t\t\t\t\t<div class=\"elementor-icon-box-wrapper\">\n\t\t\t\t\t\t<div class=\"elementor-icon-box-icon\">\n\t\t\t\t<span  class=\"elementor-icon elementor-animation-\">\n\t\t\t\t<i aria-hidden=\"true\" class=\"bodoni-icon- bodoni-icon-taste\"><\/i>\t\t\t\t<\/span>\n\t\t\t<\/div>\n\t\t\t\t\t\t<div class=\"elementor-icon-box-content\">\n\t\t\t\t<h3 class=\"elementor-icon-box-title\">\n\t\t\t\t\t<span  >\n\t\t\t\t\t\tFully customized products\t\t\t\t\t<\/span>\n\t\t\t\t<\/h3>\n\t\t\t\t\t\t\t\t\t<p class=\"elementor-icon-box-description\">\n\t\t\t\t\t\tBased on the customer's needs\t\t\t\t\t<\/p>\n\t\t\t\t\t\t\t<\/div>\n\t\t<\/div>\n\t\t\t\t<\/div>\n\t\t\t\t<\/div>\n\t\t\t\t<div class=\"elementor-element elementor-element-64eec32 elementor-position-left elementor-widget-tablet__width-initial elementor-widget-mobile__width-inherit elementor-vertical-align-middle elementor-view-default elementor-mobile-position-top elementor-widget elementor-widget-icon-box\" data-id=\"64eec32\" data-element_type=\"widget\" data-widget_type=\"icon-box.default\">\n\t\t\t\t<div class=\"elementor-widget-container\">\n\t\t\t\t\t<div class=\"elementor-icon-box-wrapper\">\n\t\t\t\t\t\t<div class=\"elementor-icon-box-icon\">\n\t\t\t\t<span  class=\"elementor-icon elementor-animation-\">\n\t\t\t\t<i aria-hidden=\"true\" class=\"bodoni-icon- bodoni-icon-formula\"><\/i>\t\t\t\t<\/span>\n\t\t\t<\/div>\n\t\t\t\t\t\t<div class=\"elementor-icon-box-content\">\n\t\t\t\t<h3 class=\"elementor-icon-box-title\">\n\t\t\t\t\t<span  >\n\t\t\t\t\t\tChoice of components\t\t\t\t\t<\/span>\n\t\t\t\t<\/h3>\n\t\t\t\t\t\t\t\t\t<p class=\"elementor-icon-box-description\">\n\t\t\t\t\t\tDrink Italy also offers graphic and aesthetic assistance by accompanying the customer step by step\t\t\t\t\t<\/p>\n\t\t\t\t\t\t\t<\/div>\n\t\t<\/div>\n\t\t\t\t<\/div>\n\t\t\t\t<\/div>\n\t\t\t\t<div class=\"elementor-element elementor-element-04aa0ce elementor-position-left elementor-widget-tablet__width-initial elementor-widget-mobile__width-inherit elementor-vertical-align-middle elementor-view-default elementor-mobile-position-top elementor-widget elementor-widget-icon-box\" data-id=\"04aa0ce\" data-element_type=\"widget\" data-widget_type=\"icon-box.default\">\n\t\t\t\t<div class=\"elementor-widget-container\">\n\t\t\t\t\t<div class=\"elementor-icon-box-wrapper\">\n\t\t\t\t\t\t<div class=\"elementor-icon-box-icon\">\n\t\t\t\t<span  class=\"elementor-icon elementor-animation-\">\n\t\t\t\t<i aria-hidden=\"true\" class=\"bodoni-icon- bodoni-icon-shipping\"><\/i>\t\t\t\t<\/span>\n\t\t\t<\/div>\n\t\t\t\t\t\t<div class=\"elementor-icon-box-content\">\n\t\t\t\t<h3 class=\"elementor-icon-box-title\">\n\t\t\t\t\t<span  >\n\t\t\t\t\t\tPresent in Europe in France, England, Germany and Spain\t\t\t\t\t<\/span>\n\t\t\t\t<\/h3>\n\t\t\t\t\t\t\t\t\t<p class=\"elementor-icon-box-description\">\n\t\t\t\t\t\tand in the rest of the world in the United States, Brazil, the Caribbean, China and Japan\t\t\t\t\t<\/p>\n\t\t\t\t\t\t\t<\/div>\n\t\t<\/div>\n\t\t\t\t<\/div>\n\t\t\t\t<\/div>\n\t\t\t\t\t<\/div>\n\t\t<\/div>\n\t\t\t\t<div class=\"elementor-column elementor-col-50 elementor-top-column elementor-element elementor-element-2303feb\" data-id=\"2303feb\" data-element_type=\"column\" data-settings=\"{&quot;background_background&quot;:&quot;classic&quot;}\">\n\t\t\t<div class=\"elementor-widget-wrap elementor-element-populated\">\n\t\t\t\t\t\t\t\t<div class=\"elementor-element elementor-element-d48eb92 image-style-bodoni-yes elementor-widget elementor-widget-image\" data-id=\"d48eb92\" data-element_type=\"widget\" data-widget_type=\"image.default\">\n\t\t\t\t<div class=\"elementor-widget-container\">\n\t\t\t\t\t\t\t\t\t\t\t\t\t\t\t\t<a href=\"https:\/\/tenutaselvaforte.it\/wp-content\/uploads\/2022\/10\/Tenuta-Selvaforte-20.jpg\" data-elementor-open-lightbox=\"yes\" data-elementor-lightbox-title=\"Tenuta Selvaforte (20)\" data-e-action-hash=\"#elementor-action%3Aaction%3Dlightbox%26settings%3DeyJpZCI6NzA1NSwidXJsIjoiaHR0cHM6XC9cL3RlbnV0YXNlbHZhZm9ydGUuaXRcL3dwLWNvbnRlbnRcL3VwbG9hZHNcLzIwMjJcLzEwXC9UZW51dGEtU2VsdmFmb3J0ZS0yMC5qcGcifQ%3D%3D\">\n\t\t\t\t\t\t\t<img loading=\"lazy\" decoding=\"async\" width=\"1619\" height=\"1080\" src=\"https:\/\/tenutaselvaforte.it\/wp-content\/uploads\/2022\/10\/Tenuta-Selvaforte-20.jpg\" class=\"attachment-full size-full wp-image-7055\" alt=\"\" \/>\t\t\t\t\t\t\t\t<\/a>\n\t\t\t\t\t\t\t\t\t\t\t\t\t\t\t<\/div>\n\t\t\t\t<\/div>\n\t\t\t\t\t<\/div>\n\t\t<\/div>\n\t\t\t\t\t\t\t<\/div>\n\t\t<\/div>\n\t\t\t\t\t\t\t<\/div>","protected":false},"excerpt":{"rendered":"<p>Il Nostro Partner Drink Italy Qualit\u00e0 ed Affidabilit\u00e0 Drink Italy \u00e8 un\u2019azienda creata appositamente per la promozione, distribuzione e vendita dei prodotti sia in Italia che all\u2019estero. Collaborazione con Drink Italy Specializzati nella distribuzione e vendita dei prodotti sia in Italia che all\u2019estero. Prodotti completamente personalizzati In base alle esigenze del cliente Scelta dei componenti [&hellip;]<\/p>","protected":false},"author":1,"featured_media":0,"parent":0,"menu_order":0,"comment_status":"closed","ping_status":"closed","template":"elementor_header_footer","meta":{"footnotes":""},"class_list":["post-2281","page","type-page","status-publish","hentry"],"yoast_head":"<!-- This site is optimized with the Yoast SEO plugin v23.6 - https:\/\/yoast.com\/wordpress\/plugins\/seo\/ -->\n<title>Drink Italy S.r.l. - Tenuta Selvaforte<\/title>\n<meta name=\"description\" content=\"Drink Italy \u00e8 un\u2019azienda creata appositamente per la promozione, distribuzione e vendita dei prodotti sia in Italia che all\u2019estero.\" \/>\n<meta name=\"robots\" content=\"index, follow, max-snippet:-1, max-image-preview:large, max-video-preview:-1\" \/>\n<link rel=\"canonical\" href=\"https:\/\/tenutaselvaforte.it\/en\/drink-italy-s-r-l\/\" \/>\n<meta property=\"og:locale\" content=\"en_GB\" \/>\n<meta property=\"og:type\" content=\"article\" \/>\n<meta property=\"og:title\" content=\"Drink Italy S.r.l. - Tenuta Selvaforte\" \/>\n<meta property=\"og:description\" content=\"Drink Italy \u00e8 un\u2019azienda creata appositamente per la promozione, distribuzione e vendita dei prodotti sia in Italia che all\u2019estero.\" \/>\n<meta property=\"og:url\" content=\"https:\/\/tenutaselvaforte.it\/en\/drink-italy-s-r-l\/\" \/>\n<meta property=\"og:site_name\" content=\"Tenuta Selvaforte\" \/>\n<meta property=\"article:modified_time\" content=\"2023-03-10T14:15:31+00:00\" \/>\n<meta property=\"og:image\" content=\"https:\/\/demo2wpopal.b-cdn.net\/bodoni\/wp-content\/uploads\/2021\/07\/vector.png\" \/>\n<meta name=\"twitter:card\" content=\"summary_large_image\" \/>\n<meta name=\"twitter:label1\" content=\"Estimated reading time\" \/>\n\t<meta name=\"twitter:data1\" content=\"1 minute\" \/>\n<script type=\"application\/ld+json\" class=\"yoast-schema-graph\">{\"@context\":\"https:\/\/schema.org\",\"@graph\":[{\"@type\":\"WebPage\",\"@id\":\"https:\/\/tenutaselvaforte.it\/drink-italy-s-r-l\/\",\"url\":\"https:\/\/tenutaselvaforte.it\/drink-italy-s-r-l\/\",\"name\":\"Drink Italy S.r.l. - Tenuta Selvaforte\",\"isPartOf\":{\"@id\":\"https:\/\/tenutaselvaforte.it\/#website\"},\"primaryImageOfPage\":{\"@id\":\"https:\/\/tenutaselvaforte.it\/drink-italy-s-r-l\/#primaryimage\"},\"image\":{\"@id\":\"https:\/\/tenutaselvaforte.it\/drink-italy-s-r-l\/#primaryimage\"},\"thumbnailUrl\":\"https:\/\/demo2wpopal.b-cdn.net\/bodoni\/wp-content\/uploads\/2021\/07\/vector.png\",\"datePublished\":\"2021-07-14T02:19:32+00:00\",\"dateModified\":\"2023-03-10T14:15:31+00:00\",\"description\":\"Drink Italy \u00e8 un\u2019azienda creata appositamente per la promozione, distribuzione e vendita dei prodotti sia in Italia che all\u2019estero.\",\"breadcrumb\":{\"@id\":\"https:\/\/tenutaselvaforte.it\/drink-italy-s-r-l\/#breadcrumb\"},\"inLanguage\":\"en-GB\",\"potentialAction\":[{\"@type\":\"ReadAction\",\"target\":[\"https:\/\/tenutaselvaforte.it\/drink-italy-s-r-l\/\"]}]},{\"@type\":\"ImageObject\",\"inLanguage\":\"en-GB\",\"@id\":\"https:\/\/tenutaselvaforte.it\/drink-italy-s-r-l\/#primaryimage\",\"url\":\"https:\/\/demo2wpopal.b-cdn.net\/bodoni\/wp-content\/uploads\/2021\/07\/vector.png\",\"contentUrl\":\"https:\/\/demo2wpopal.b-cdn.net\/bodoni\/wp-content\/uploads\/2021\/07\/vector.png\"},{\"@type\":\"BreadcrumbList\",\"@id\":\"https:\/\/tenutaselvaforte.it\/drink-italy-s-r-l\/#breadcrumb\",\"itemListElement\":[{\"@type\":\"ListItem\",\"position\":1,\"name\":\"Home\",\"item\":\"https:\/\/tenutaselvaforte.it\/\"},{\"@type\":\"ListItem\",\"position\":2,\"name\":\"Drink Italy S.r.l.\"}]},{\"@type\":\"WebSite\",\"@id\":\"https:\/\/tenutaselvaforte.it\/#website\",\"url\":\"https:\/\/tenutaselvaforte.it\/\",\"name\":\"Tenuta Selvaforte\",\"description\":\"Tradizione, cultura e storia\",\"publisher\":{\"@id\":\"https:\/\/tenutaselvaforte.it\/#organization\"},\"potentialAction\":[{\"@type\":\"SearchAction\",\"target\":{\"@type\":\"EntryPoint\",\"urlTemplate\":\"https:\/\/tenutaselvaforte.it\/?s={search_term_string}\"},\"query-input\":{\"@type\":\"PropertyValueSpecification\",\"valueRequired\":true,\"valueName\":\"search_term_string\"}}],\"inLanguage\":\"en-GB\"},{\"@type\":\"Organization\",\"@id\":\"https:\/\/tenutaselvaforte.it\/#organization\",\"name\":\"Tenuta Selvaforte\",\"url\":\"https:\/\/tenutaselvaforte.it\/\",\"logo\":{\"@type\":\"ImageObject\",\"inLanguage\":\"en-GB\",\"@id\":\"https:\/\/tenutaselvaforte.it\/#\/schema\/logo\/image\/\",\"url\":\"https:\/\/tenutaselvaforte.it\/wp-content\/uploads\/2022\/10\/Logo-Color-Ridotto.png\",\"contentUrl\":\"https:\/\/tenutaselvaforte.it\/wp-content\/uploads\/2022\/10\/Logo-Color-Ridotto.png\",\"width\":800,\"height\":179,\"caption\":\"Tenuta Selvaforte\"},\"image\":{\"@id\":\"https:\/\/tenutaselvaforte.it\/#\/schema\/logo\/image\/\"}}]}<\/script>\n<!-- \/ Yoast SEO plugin. -->","yoast_head_json":{"title":"Drink Italy S.r.l. - Tenuta Selvaforte","description":"Drink Italy \u00e8 un\u2019azienda creata appositamente per la promozione, distribuzione e vendita dei prodotti sia in Italia che all\u2019estero.","robots":{"index":"index","follow":"follow","max-snippet":"max-snippet:-1","max-image-preview":"max-image-preview:large","max-video-preview":"max-video-preview:-1"},"canonical":"https:\/\/tenutaselvaforte.it\/en\/drink-italy-s-r-l\/","og_locale":"en_GB","og_type":"article","og_title":"Drink Italy S.r.l. - Tenuta Selvaforte","og_description":"Drink Italy \u00e8 un\u2019azienda creata appositamente per la promozione, distribuzione e vendita dei prodotti sia in Italia che all\u2019estero.","og_url":"https:\/\/tenutaselvaforte.it\/en\/drink-italy-s-r-l\/","og_site_name":"Tenuta Selvaforte","article_modified_time":"2023-03-10T14:15:31+00:00","og_image":[{"url":"https:\/\/demo2wpopal.b-cdn.net\/bodoni\/wp-content\/uploads\/2021\/07\/vector.png"}],"twitter_card":"summary_large_image","twitter_misc":{"Estimated reading time":"1 minute"},"schema":{"@context":"https:\/\/schema.org","@graph":[{"@type":"WebPage","@id":"https:\/\/tenutaselvaforte.it\/drink-italy-s-r-l\/","url":"https:\/\/tenutaselvaforte.it\/drink-italy-s-r-l\/","name":"Drink Italy S.r.l. - Tenuta Selvaforte","isPartOf":{"@id":"https:\/\/tenutaselvaforte.it\/#website"},"primaryImageOfPage":{"@id":"https:\/\/tenutaselvaforte.it\/drink-italy-s-r-l\/#primaryimage"},"image":{"@id":"https:\/\/tenutaselvaforte.it\/drink-italy-s-r-l\/#primaryimage"},"thumbnailUrl":"https:\/\/demo2wpopal.b-cdn.net\/bodoni\/wp-content\/uploads\/2021\/07\/vector.png","datePublished":"2021-07-14T02:19:32+00:00","dateModified":"2023-03-10T14:15:31+00:00","description":"Drink Italy \u00e8 un\u2019azienda creata appositamente per la promozione, distribuzione e vendita dei prodotti sia in Italia che all\u2019estero.","breadcrumb":{"@id":"https:\/\/tenutaselvaforte.it\/drink-italy-s-r-l\/#breadcrumb"},"inLanguage":"en-GB","potentialAction":[{"@type":"ReadAction","target":["https:\/\/tenutaselvaforte.it\/drink-italy-s-r-l\/"]}]},{"@type":"ImageObject","inLanguage":"en-GB","@id":"https:\/\/tenutaselvaforte.it\/drink-italy-s-r-l\/#primaryimage","url":"https:\/\/demo2wpopal.b-cdn.net\/bodoni\/wp-content\/uploads\/2021\/07\/vector.png","contentUrl":"https:\/\/demo2wpopal.b-cdn.net\/bodoni\/wp-content\/uploads\/2021\/07\/vector.png"},{"@type":"BreadcrumbList","@id":"https:\/\/tenutaselvaforte.it\/drink-italy-s-r-l\/#breadcrumb","itemListElement":[{"@type":"ListItem","position":1,"name":"Home","item":"https:\/\/tenutaselvaforte.it\/"},{"@type":"ListItem","position":2,"name":"Drink Italy S.r.l."}]},{"@type":"WebSite","@id":"https:\/\/tenutaselvaforte.it\/#website","url":"https:\/\/tenutaselvaforte.it\/","name":"Tenuta Selvaforte","description":"Tradizione, cultura e storia","publisher":{"@id":"https:\/\/tenutaselvaforte.it\/#organization"},"potentialAction":[{"@type":"SearchAction","target":{"@type":"EntryPoint","urlTemplate":"https:\/\/tenutaselvaforte.it\/?s={search_term_string}"},"query-input":{"@type":"PropertyValueSpecification","valueRequired":true,"valueName":"search_term_string"}}],"inLanguage":"en-GB"},{"@type":"Organization","@id":"https:\/\/tenutaselvaforte.it\/#organization","name":"Tenuta Selvaforte","url":"https:\/\/tenutaselvaforte.it\/","logo":{"@type":"ImageObject","inLanguage":"en-GB","@id":"https:\/\/tenutaselvaforte.it\/#\/schema\/logo\/image\/","url":"https:\/\/tenutaselvaforte.it\/wp-content\/uploads\/2022\/10\/Logo-Color-Ridotto.png","contentUrl":"https:\/\/tenutaselvaforte.it\/wp-content\/uploads\/2022\/10\/Logo-Color-Ridotto.png","width":800,"height":179,"caption":"Tenuta Selvaforte"},"image":{"@id":"https:\/\/tenutaselvaforte.it\/#\/schema\/logo\/image\/"}}]}},"_links":{"self":[{"href":"https:\/\/tenutaselvaforte.it\/en\/wp-json\/wp\/v2\/pages\/2281","targetHints":{"allow":["GET"]}}],"collection":[{"href":"https:\/\/tenutaselvaforte.it\/en\/wp-json\/wp\/v2\/pages"}],"about":[{"href":"https:\/\/tenutaselvaforte.it\/en\/wp-json\/wp\/v2\/types\/page"}],"author":[{"embeddable":true,"href":"https:\/\/tenutaselvaforte.it\/en\/wp-json\/wp\/v2\/users\/1"}],"replies":[{"embeddable":true,"href":"https:\/\/tenutaselvaforte.it\/en\/wp-json\/wp\/v2\/comments?post=2281"}],"version-history":[{"count":45,"href":"https:\/\/tenutaselvaforte.it\/en\/wp-json\/wp\/v2\/pages\/2281\/revisions"}],"predecessor-version":[{"id":7514,"href":"https:\/\/tenutaselvaforte.it\/en\/wp-json\/wp\/v2\/pages\/2281\/revisions\/7514"}],"wp:attachment":[{"href":"https:\/\/tenutaselvaforte.it\/en\/wp-json\/wp\/v2\/media?parent=2281"}],"curies":[{"name":"wp","href":"https:\/\/api.w.org\/{rel}","templated":true}]}}