{"id":7694,"date":"2025-12-10T17:50:30","date_gmt":"2025-12-10T17:50:30","guid":{"rendered":"https:\/\/tenutaselvaforte.it\/?post_type=product&#038;p=7694"},"modified":"2025-12-11T18:19:47","modified_gmt":"2025-12-11T18:19:47","slug":"elegante-confezione-da-3-bottiglie-igt-toscano-moro-di-gio-2018","status":"publish","type":"product","link":"https:\/\/tenutaselvaforte.it\/en\/product\/elegante-confezione-da-3-bottiglie-igt-toscano-moro-di-gio-2018\/","title":{"rendered":"Elegante confezione da 3 bottiglie IGT Toscano Moro di Gi\u00f2 2018"},"content":{"rendered":"","protected":false},"excerpt":{"rendered":"<p>Moro di Gi\u00f2 has an intense ruby red color.<\/p>\n<p>On the nose, the bouquet is broad and very persistent thanks to both the exceptional blend of grapes and the long aging in barriques and tonneaux: very ripe red fruit and under-ripe cherry with a chocolate and tobacco finish.<\/p>\n<p>In the mouth it is soft, warm, persistent with a finish that returns to cherry and chocolate.<\/p>","protected":false},"featured_media":7695,"comment_status":"open","ping_status":"closed","template":"","meta":[],"product_cat":[15,52],"product_tag":[],"class_list":{"0":"post-7694","1":"product","2":"type-product","3":"status-publish","4":"has-post-thumbnail","6":"product_cat-senza-categoria","7":"product_cat-i-g-t","9":"first","10":"instock","11":"shipping-taxable","12":"purchasable","13":"product-type-simple"},"yoast_head":"<!-- This site is optimized with the Yoast SEO plugin v23.6 - https:\/\/yoast.com\/wordpress\/plugins\/seo\/ -->\n<title>Elegante confezione da 3 bottiglie IGT Toscano Moro di Gi\u00f2 2018 - Tenuta Selvaforte<\/title>\n<meta name=\"robots\" content=\"index, follow, max-snippet:-1, max-image-preview:large, max-video-preview:-1\" \/>\n<link rel=\"canonical\" href=\"https:\/\/tenutaselvaforte.it\/en\/product\/elegante-confezione-da-3-bottiglie-igt-toscano-moro-di-gio-2018\/\" \/>\n<meta property=\"og:locale\" content=\"en_GB\" \/>\n<meta property=\"og:type\" content=\"article\" \/>\n<meta property=\"og:title\" content=\"Elegante confezione da 3 bottiglie IGT Toscano Moro di Gi\u00f2 2018 - Tenuta Selvaforte\" \/>\n<meta property=\"og:description\" content=\"Il Moro di Gi\u00f2 si presenta nel bicchiere di colore rosso rubino intenso.  Al naso il bouquet \u00e8 ampio e molto persistente, frutto sia dell\u2019eccezionale blend di uve che del lungo invecchiamento nelle barriques e tonneaux: frutta rossa molto matura e ciliegia sottospirito\u00a0 con un finale di cioccolato e tabacco.  In bocca \u00e8 morbido, caldo, persistente e con un finale che ritorna alla ciliegia e al cioccolato.\" \/>\n<meta property=\"og:url\" content=\"https:\/\/tenutaselvaforte.it\/en\/product\/elegante-confezione-da-3-bottiglie-igt-toscano-moro-di-gio-2018\/\" \/>\n<meta property=\"og:site_name\" content=\"Tenuta Selvaforte\" \/>\n<meta property=\"article:modified_time\" content=\"2025-12-11T18:19:47+00:00\" \/>\n<meta property=\"og:image\" content=\"https:\/\/tenutaselvaforte.it\/wp-content\/uploads\/2025\/12\/conf-da-3-moro.jpg\" \/>\n\t<meta property=\"og:image:width\" content=\"1080\" \/>\n\t<meta property=\"og:image:height\" content=\"1080\" \/>\n\t<meta property=\"og:image:type\" content=\"image\/jpeg\" \/>\n<meta name=\"twitter:card\" content=\"summary_large_image\" \/>\n<meta name=\"twitter:label1\" content=\"Estimated reading time\" \/>\n\t<meta name=\"twitter:data1\" content=\"1 minute\" \/>\n<script type=\"application\/ld+json\" class=\"yoast-schema-graph\">{\"@context\":\"https:\/\/schema.org\",\"@graph\":[{\"@type\":\"WebPage\",\"@id\":\"https:\/\/tenutaselvaforte.it\/prodotto\/elegante-confezione-da-3-bottiglie-igt-toscano-moro-di-gio-2018\/\",\"url\":\"https:\/\/tenutaselvaforte.it\/prodotto\/elegante-confezione-da-3-bottiglie-igt-toscano-moro-di-gio-2018\/\",\"name\":\"Elegante confezione da 3 bottiglie IGT Toscano Moro di Gi\u00f2 2018 - Tenuta Selvaforte\",\"isPartOf\":{\"@id\":\"https:\/\/tenutaselvaforte.it\/#website\"},\"primaryImageOfPage\":{\"@id\":\"https:\/\/tenutaselvaforte.it\/prodotto\/elegante-confezione-da-3-bottiglie-igt-toscano-moro-di-gio-2018\/#primaryimage\"},\"image\":{\"@id\":\"https:\/\/tenutaselvaforte.it\/prodotto\/elegante-confezione-da-3-bottiglie-igt-toscano-moro-di-gio-2018\/#primaryimage\"},\"thumbnailUrl\":\"https:\/\/tenutaselvaforte.it\/wp-content\/uploads\/2025\/12\/conf-da-3-moro.jpg\",\"datePublished\":\"2025-12-10T17:50:30+00:00\",\"dateModified\":\"2025-12-11T18:19:47+00:00\",\"breadcrumb\":{\"@id\":\"https:\/\/tenutaselvaforte.it\/prodotto\/elegante-confezione-da-3-bottiglie-igt-toscano-moro-di-gio-2018\/#breadcrumb\"},\"inLanguage\":\"en-GB\",\"potentialAction\":[{\"@type\":\"ReadAction\",\"target\":[\"https:\/\/tenutaselvaforte.it\/prodotto\/elegante-confezione-da-3-bottiglie-igt-toscano-moro-di-gio-2018\/\"]}]},{\"@type\":\"ImageObject\",\"inLanguage\":\"en-GB\",\"@id\":\"https:\/\/tenutaselvaforte.it\/prodotto\/elegante-confezione-da-3-bottiglie-igt-toscano-moro-di-gio-2018\/#primaryimage\",\"url\":\"https:\/\/tenutaselvaforte.it\/wp-content\/uploads\/2025\/12\/conf-da-3-moro.jpg\",\"contentUrl\":\"https:\/\/tenutaselvaforte.it\/wp-content\/uploads\/2025\/12\/conf-da-3-moro.jpg\",\"width\":1080,\"height\":1080},{\"@type\":\"BreadcrumbList\",\"@id\":\"https:\/\/tenutaselvaforte.it\/prodotto\/elegante-confezione-da-3-bottiglie-igt-toscano-moro-di-gio-2018\/#breadcrumb\",\"itemListElement\":[{\"@type\":\"ListItem\",\"position\":1,\"name\":\"Home\",\"item\":\"https:\/\/tenutaselvaforte.it\/\"},{\"@type\":\"ListItem\",\"position\":2,\"name\":\"Shop\",\"item\":\"https:\/\/tenutaselvaforte.it\/negozio\/\"},{\"@type\":\"ListItem\",\"position\":3,\"name\":\"Elegante confezione da 3 bottiglie IGT Toscano Moro di Gi\u00f2 2018\"}]},{\"@type\":\"WebSite\",\"@id\":\"https:\/\/tenutaselvaforte.it\/#website\",\"url\":\"https:\/\/tenutaselvaforte.it\/\",\"name\":\"Tenuta Selvaforte\",\"description\":\"Tradizione, cultura e storia\",\"publisher\":{\"@id\":\"https:\/\/tenutaselvaforte.it\/#organization\"},\"potentialAction\":[{\"@type\":\"SearchAction\",\"target\":{\"@type\":\"EntryPoint\",\"urlTemplate\":\"https:\/\/tenutaselvaforte.it\/?s={search_term_string}\"},\"query-input\":{\"@type\":\"PropertyValueSpecification\",\"valueRequired\":true,\"valueName\":\"search_term_string\"}}],\"inLanguage\":\"en-GB\"},{\"@type\":\"Organization\",\"@id\":\"https:\/\/tenutaselvaforte.it\/#organization\",\"name\":\"Tenuta Selvaforte\",\"url\":\"https:\/\/tenutaselvaforte.it\/\",\"logo\":{\"@type\":\"ImageObject\",\"inLanguage\":\"en-GB\",\"@id\":\"https:\/\/tenutaselvaforte.it\/#\/schema\/logo\/image\/\",\"url\":\"https:\/\/tenutaselvaforte.it\/wp-content\/uploads\/2022\/10\/Logo-Color-Ridotto.png\",\"contentUrl\":\"https:\/\/tenutaselvaforte.it\/wp-content\/uploads\/2022\/10\/Logo-Color-Ridotto.png\",\"width\":800,\"height\":179,\"caption\":\"Tenuta Selvaforte\"},\"image\":{\"@id\":\"https:\/\/tenutaselvaforte.it\/#\/schema\/logo\/image\/\"}}]}<\/script>\n<!-- \/ Yoast SEO plugin. -->","yoast_head_json":{"title":"Elegante confezione da 3 bottiglie IGT Toscano Moro di Gi\u00f2 2018 - Tenuta Selvaforte","robots":{"index":"index","follow":"follow","max-snippet":"max-snippet:-1","max-image-preview":"max-image-preview:large","max-video-preview":"max-video-preview:-1"},"canonical":"https:\/\/tenutaselvaforte.it\/en\/product\/elegante-confezione-da-3-bottiglie-igt-toscano-moro-di-gio-2018\/","og_locale":"en_GB","og_type":"article","og_title":"Elegante confezione da 3 bottiglie IGT Toscano Moro di Gi\u00f2 2018 - Tenuta Selvaforte","og_description":"Il Moro di Gi\u00f2 si presenta nel bicchiere di colore rosso rubino intenso.  Al naso il bouquet \u00e8 ampio e molto persistente, frutto sia dell\u2019eccezionale blend di uve che del lungo invecchiamento nelle barriques e tonneaux: frutta rossa molto matura e ciliegia sottospirito\u00a0 con un finale di cioccolato e tabacco.  In bocca \u00e8 morbido, caldo, persistente e con un finale che ritorna alla ciliegia e al cioccolato.","og_url":"https:\/\/tenutaselvaforte.it\/en\/product\/elegante-confezione-da-3-bottiglie-igt-toscano-moro-di-gio-2018\/","og_site_name":"Tenuta Selvaforte","article_modified_time":"2025-12-11T18:19:47+00:00","og_image":[{"width":1080,"height":1080,"url":"https:\/\/tenutaselvaforte.it\/wp-content\/uploads\/2025\/12\/conf-da-3-moro.jpg","type":"image\/jpeg"}],"twitter_card":"summary_large_image","twitter_misc":{"Estimated reading time":"1 minute"},"schema":{"@context":"https:\/\/schema.org","@graph":[{"@type":"WebPage","@id":"https:\/\/tenutaselvaforte.it\/prodotto\/elegante-confezione-da-3-bottiglie-igt-toscano-moro-di-gio-2018\/","url":"https:\/\/tenutaselvaforte.it\/prodotto\/elegante-confezione-da-3-bottiglie-igt-toscano-moro-di-gio-2018\/","name":"Elegante confezione da 3 bottiglie IGT Toscano Moro di Gi\u00f2 2018 - Tenuta Selvaforte","isPartOf":{"@id":"https:\/\/tenutaselvaforte.it\/#website"},"primaryImageOfPage":{"@id":"https:\/\/tenutaselvaforte.it\/prodotto\/elegante-confezione-da-3-bottiglie-igt-toscano-moro-di-gio-2018\/#primaryimage"},"image":{"@id":"https:\/\/tenutaselvaforte.it\/prodotto\/elegante-confezione-da-3-bottiglie-igt-toscano-moro-di-gio-2018\/#primaryimage"},"thumbnailUrl":"https:\/\/tenutaselvaforte.it\/wp-content\/uploads\/2025\/12\/conf-da-3-moro.jpg","datePublished":"2025-12-10T17:50:30+00:00","dateModified":"2025-12-11T18:19:47+00:00","breadcrumb":{"@id":"https:\/\/tenutaselvaforte.it\/prodotto\/elegante-confezione-da-3-bottiglie-igt-toscano-moro-di-gio-2018\/#breadcrumb"},"inLanguage":"en-GB","potentialAction":[{"@type":"ReadAction","target":["https:\/\/tenutaselvaforte.it\/prodotto\/elegante-confezione-da-3-bottiglie-igt-toscano-moro-di-gio-2018\/"]}]},{"@type":"ImageObject","inLanguage":"en-GB","@id":"https:\/\/tenutaselvaforte.it\/prodotto\/elegante-confezione-da-3-bottiglie-igt-toscano-moro-di-gio-2018\/#primaryimage","url":"https:\/\/tenutaselvaforte.it\/wp-content\/uploads\/2025\/12\/conf-da-3-moro.jpg","contentUrl":"https:\/\/tenutaselvaforte.it\/wp-content\/uploads\/2025\/12\/conf-da-3-moro.jpg","width":1080,"height":1080},{"@type":"BreadcrumbList","@id":"https:\/\/tenutaselvaforte.it\/prodotto\/elegante-confezione-da-3-bottiglie-igt-toscano-moro-di-gio-2018\/#breadcrumb","itemListElement":[{"@type":"ListItem","position":1,"name":"Home","item":"https:\/\/tenutaselvaforte.it\/"},{"@type":"ListItem","position":2,"name":"Shop","item":"https:\/\/tenutaselvaforte.it\/negozio\/"},{"@type":"ListItem","position":3,"name":"Elegante confezione da 3 bottiglie IGT Toscano Moro di Gi\u00f2 2018"}]},{"@type":"WebSite","@id":"https:\/\/tenutaselvaforte.it\/#website","url":"https:\/\/tenutaselvaforte.it\/","name":"Tenuta Selvaforte","description":"Tradizione, cultura e storia","publisher":{"@id":"https:\/\/tenutaselvaforte.it\/#organization"},"potentialAction":[{"@type":"SearchAction","target":{"@type":"EntryPoint","urlTemplate":"https:\/\/tenutaselvaforte.it\/?s={search_term_string}"},"query-input":{"@type":"PropertyValueSpecification","valueRequired":true,"valueName":"search_term_string"}}],"inLanguage":"en-GB"},{"@type":"Organization","@id":"https:\/\/tenutaselvaforte.it\/#organization","name":"Tenuta Selvaforte","url":"https:\/\/tenutaselvaforte.it\/","logo":{"@type":"ImageObject","inLanguage":"en-GB","@id":"https:\/\/tenutaselvaforte.it\/#\/schema\/logo\/image\/","url":"https:\/\/tenutaselvaforte.it\/wp-content\/uploads\/2022\/10\/Logo-Color-Ridotto.png","contentUrl":"https:\/\/tenutaselvaforte.it\/wp-content\/uploads\/2022\/10\/Logo-Color-Ridotto.png","width":800,"height":179,"caption":"Tenuta Selvaforte"},"image":{"@id":"https:\/\/tenutaselvaforte.it\/#\/schema\/logo\/image\/"}}]}},"_links":{"self":[{"href":"https:\/\/tenutaselvaforte.it\/en\/wp-json\/wp\/v2\/product\/7694","targetHints":{"allow":["GET"]}}],"collection":[{"href":"https:\/\/tenutaselvaforte.it\/en\/wp-json\/wp\/v2\/product"}],"about":[{"href":"https:\/\/tenutaselvaforte.it\/en\/wp-json\/wp\/v2\/types\/product"}],"replies":[{"embeddable":true,"href":"https:\/\/tenutaselvaforte.it\/en\/wp-json\/wp\/v2\/comments?post=7694"}],"wp:featuredmedia":[{"embeddable":true,"href":"https:\/\/tenutaselvaforte.it\/en\/wp-json\/wp\/v2\/media\/7695"}],"wp:attachment":[{"href":"https:\/\/tenutaselvaforte.it\/en\/wp-json\/wp\/v2\/media?parent=7694"}],"wp:term":[{"taxonomy":"product_cat","embeddable":true,"href":"https:\/\/tenutaselvaforte.it\/en\/wp-json\/wp\/v2\/product_cat?post=7694"},{"taxonomy":"product_tag","embeddable":true,"href":"https:\/\/tenutaselvaforte.it\/en\/wp-json\/wp\/v2\/product_tag?post=7694"}],"curies":[{"name":"wp","href":"https:\/\/api.w.org\/{rel}","templated":true}]}}